{"id":631,"date":"2016-10-02T13:48:13","date_gmt":"2016-10-02T11:48:13","guid":{"rendered":"https:\/\/defactoquartet.com\/home\/"},"modified":"2022-02-03T11:37:45","modified_gmt":"2022-02-03T11:37:45","slug":"home","status":"publish","type":"page","link":"https:\/\/defactoquartet.com\/de\/","title":{"rendered":"Home"},"content":{"rendered":"\n\n\t\t\t\t\n\t\t\tDas einzigartige Streichquartett kennen Sie vielleicht vom Wettbewerb &#8220;Tschechoslowakei hat Talent&#8221;. Das Quartett ist nicht erfolgreich nur dank eines Auftritts in der TV-Show aber ihr Erfolg erforderte einen langen Weg und viel M\u00fche, die kein profesionelle Musiker vermeiden kann.\u00a0\n\u00a0\nJedes Mitglied DFQ hat viele Konzerte auf gro\u00dfen Weltb\u00fchnen und Mitarbeit mit bekannten Personen hinter sich. Trotzdem spielen Sie gerne auf der Stra\u00dfe, wo alles damals angefangen hat. Seit 2 Jahren k\u00f6nnen Sie diese sympatischen M\u00e4nner nicht nur in den Prager Stra\u00dfen h\u00f6ren, wo sie mit ihrem ungew\u00f6hnlichen Talent und Musikbegabung schon viele Vor\u00fcbergehende best\u00fcrzt haben.\u00a0\n\u00a0\nJetzt haben sie all die gesammelten Musikerfahrungen benutzt und sie kommen mit einer einzigartigen Vorf\u00fchrung. Die Welthits werden mit klassischen Musikinstrumenten gespielt werden, wie Sie die Lieder noch nie geh\u00f6rt haben!\n\t\t<h5>Modal Popup &#8211; ID <\/h5>\n\t\tClick here to edit the &quot;Modal Popup&quot; settings. This text will not be visible on frontend.\t\n\t<h2>\n\t\t\t\tVideos\n\t\t\t<\/h2>\n\t\t\t\t<p>\u010ceskoslovensko m\u00e1 talent 2018<\/p>\n\t\t\t\t<p>Mombasa<\/p>\n\t\t\t\t<p>V\u016fn\u011b roku 2018<\/p>\n\t\t\t\t\t<a href=\"https:\/\/www.youtube.com\/watch?v=q4Nlj-gv42M\" data-url=\"https:\/\/www.youtube.com\/embed\/q4Nlj-gv42M?autoplay=1&amp;version=3&amp;enablejsapi=1\">\t\t\t\t\t\t\n\t\t\t\t\t\t\t\t\t\t<h4>De Facto Quartet &#8211; CSMT 2018<\/h4>\n\t\t\t\t\t<\/a>\t\t\t\t\n\t\t\t\t\t<a href=\"https:\/\/www.youtube.com\/watch?v=09xg0CQdsMo\" data-url=\"https:\/\/www.youtube.com\/embed\/09xg0CQdsMo?autoplay=1&amp;version=3&amp;enablejsapi=1\">\t\t\t\t\t\t\n\t\t\t\t\t\t\t\t\t\t<h4>De Facto Quartet &#8211; Mombasa<\/h4>\n\t\t\t\t\t<\/a>\t\t\t\t\n\t\t\t\t\t<a href=\"https:\/\/www.youtube.com\/watch?v=WCK33tZKK6g\" data-url=\"https:\/\/www.youtube.com\/embed\/WCK33tZKK6g?autoplay=1&amp;version=3&amp;enablejsapi=1\">\t\t\t\t\t\t\n\t\t\t\t\t\t\t\t\t\t<h4>De Facto Quartet &#8211; V\u016fn\u011b roku 2018<\/h4>\n\t\t\t\t\t<\/a>\t\t\t\t\n\t<h2>\n\t\t\t\tKontakt\n\t\t\t<\/h2>\n\t\t<h3>Booking<\/h3>\n\t\t\t\t<p>Ilia Chernoklinov <\/p>\n<p>+420\u00a0735 017 192<\/p>\n<p>&#8211;<\/p>\n<p>e-mail: <\/p>\n<p>defactoquartet@gmail.com<\/p>\n\t\t<h3>Sprechen Sie uns an<\/h3>\t\t\t\n\t\t\t<h3>Abonnieren Sie unseren Newsletter<\/h3>\n<style id='mailster-form-default' type='text\/css'>.mailster-embeded-form body{background:0;padding:0;margin:0}.mailster-embeded-form .mailster-form-body{padding:5px !important;margin:auto !important}.mailster-form-wrap{max-width:100%;max-height:95%;min-width:100px;-webkit-overflow-scrolling:touch}.mailster-form{margin-bottom:20px;position:relative}.mailster-form:before{content:'';position:absolute;display:block;height:100%;width:100%;z-index:1;background-repeat:no-repeat;background-position:center center;background-size:20px 20px;background-image:url('https:\/\/defactoquartet.com\/assets\/plugins\/mailster\/assets\/css\/..\/img\/loading.gif');visibility:hidden;opacity:0;transition:opacity .15s ease-in-out}.mailster-form.loading:before{opacity:1;visibility:visible}@media only screen and (-webkit-min-device-pixel-ratio:2),only screen and (min-resolution:192dpi){.mailster-form:before{background-image:url('https:\/\/defactoquartet.com\/assets\/plugins\/mailster\/assets\/css\/..\/img\/loading_2x.gif')}}.mailster-form:after,.mailster-form-fields:after{content:'.';visibility:hidden;display:block;height:0;clear:both}.mailster-form .mailster-form-fields{transition:all .15s ease-in-out}.mailster-form.completed .mailster-form-fields{height:0;min-height:0;opacity:0;overflow:hidden}.mailster-form,.mailster-form .input,.mailster-form .mailster-form-info{width:100%;box-sizing:border-box}.mailster-embeded-form .mailster-form{margin-bottom:3px}.mailster-form .mailster-wrapper{position:relative;margin-bottom:2px;transition:opacity .15s ease-in-out}.mailster-form.loading .mailster-wrapper{opacity:.2}.mailster-form textarea.input{resize:vertical;height:150px}.mailster-form li{list-style:none !important;margin-left:0;padding-left:0}span.mailster-required{font-size:120%;font-weight:700;color:#bf4d4d}.mailster-lists-wrapper ul{list-style:none;margin-left:0;padding-left:0}.mailster-lists-wrapper ul li{margin-left:0}.mailster-list-description{color:inherit;display:block;margin-left:25px;font-size:.8em}.mailster-form-info{height:0;border-radius:2px;padding:5px;margin-bottom:4px;color:#fff;padding:9px 16px;transition:all .2s;-webkit-transform:scale(0);-moz-transform:scale(0);-ms-transform:scale(0);transform:scale(0)}.mailster-form.loading .mailster-form-info{opacity:0}.mailster-form-info a{color:#fff}.mailster-form-info.success,.mailster-form-info.error{display:block;height:100%;-webkit-transform:scale(1);-moz-transform:scale(1);-ms-transform:scale(1);transform:scale(1)}.mailster-form .error input,.mailster-form .error select,.mailster-form .error textarea{outline:2px solid #bf4d4d;outline-offset:0}.mailster-form-info.error{background:#bf4d4d}.mailster-form-info.success{background-color:#6fbf4d;text-align:center}.mailster-form-info ul,.mailster-form .mailster-form-info p{margin:0;padding:0;max-width:initial}.mailster-form-info ul li{color:inherit;margin-left:0}.mailster-submit-wrapper{margin-top:6px}.mailster-form .submit-button{cursor:pointer}.mailster-form .submit-button:focus{outline:0}<\/style><form action=\"https:\/\/defactoquartet.com\/de\/mailster\/subscribe\/\" method=\"post\" class=\"mailster-form mailster-form-submit mailster-ajax-form mailster-form-2\" novalidate><input name=\"_action\" type=\"hidden\" value=\"subscribe\">\n<input name=\"_timestamp\" type=\"hidden\" value=\"1777298798\">\n<input name=\"_referer\" type=\"hidden\" value=\"https:\/\/defactoquartet.com\/de\/wp-json\/wp\/v2\/pages\/631\">\n<input name=\"_nonce\" type=\"hidden\" value=\"2b34c1a3cc\">\n<input name=\"formid\" type=\"hidden\" value=\"2\">\n<div class=\"mailster-form-fields\">\n<div class=\"mailster-wrapper mailster-email-wrapper\"><label for=\"mailster-email-2\">Email <span class=\"mailster-required\">*<\/span><\/label><input id=\"mailster-email-2\" name=\"email\" type=\"email\" value=\"\" class=\"input mailster-email mailster-required\" aria-required=\"true\" aria-label=\"Email\" spellcheck=\"false\"><\/div>\n<div class=\"mailster-wrapper mailster-submit-wrapper form-submit\"><input name=\"submit\" type=\"submit\" value=\"Abbonieren\" class=\"submit-button button\" aria-label=\"Abbonieren\"><\/div>\n<\/div>\n<\/form>\n\n\t\t<h5>Modal Popup &#8211; ID <\/h5>\n\t\tClick here to edit the &quot;Modal Popup&quot; settings. This text will not be visible on frontend.\t\n\n","protected":false},"excerpt":{"rendered":"<p>Das einzigartige Streichquartett kennen Sie vielleicht vom Wettbewerb &#8220;Tschechoslowakei hat Talent&#8221;. Das Quartett ist nicht erfolgreich nur dank eines Auftritts in der TV-Show aber ihr Erfolg erforderte einen langen Weg und viel M\u00fche, die kein profesionelle Musiker vermeiden kann.\u00a0 \u00a0 Jedes Mitglied DFQ hat viele Konzerte auf gro\u00dfen Weltb\u00fchnen und Mitarbeit mit bekannten Personen hinter&hellip;<\/p>\n","protected":false},"author":19,"featured_media":0,"parent":0,"menu_order":0,"comment_status":"closed","ping_status":"closed","template":"","meta":{"inline_featured_image":false,"footnotes":""},"class_list":["post-631","page","type-page","status-publish","hentry"],"yoast_head":"<title>De Facto Quartet<\/title>\n<meta name=\"robots\" content=\"index, follow, max-snippet:-1, max-image-preview:large, max-video-preview:-1\" \/>\n<link rel=\"canonical\" href=\"https:\/\/defactoquartet.com\/de\/\" \/>\n<meta property=\"og:locale\" content=\"de_DE\" \/>\n<meta property=\"og:type\" content=\"article\" \/>\n<meta property=\"og:title\" content=\"De Facto Quartet\" \/>\n<meta property=\"og:description\" content=\"Das einzigartige Streichquartett kennen Sie vielleicht vom Wettbewerb &#8220;Tschechoslowakei hat Talent&#8221;. Das Quartett ist nicht erfolgreich nur dank eines Auftritts in der TV-Show aber ihr Erfolg erforderte einen langen Weg und viel M\u00fche, die kein profesionelle Musiker vermeiden kann.\u00a0 \u00a0 Jedes Mitglied DFQ hat viele Konzerte auf gro\u00dfen Weltb\u00fchnen und Mitarbeit mit bekannten Personen hinter&hellip;\" \/>\n<meta property=\"og:url\" content=\"https:\/\/defactoquartet.com\/de\/\" \/>\n<meta property=\"og:site_name\" content=\"De Facto Quartet\" \/>\n<meta property=\"article:publisher\" content=\"https:\/\/www.facebook.com\/Defactoquartet\/\" \/>\n<meta property=\"article:modified_time\" content=\"2022-02-03T11:37:45+00:00\" \/>\n<meta name=\"twitter:card\" content=\"summary_large_image\" \/>\n<meta name=\"twitter:label1\" content=\"Gesch\u00e4tzte Lesezeit\" \/>\n\t<meta name=\"twitter:data1\" content=\"1\u00a0Minute\" \/>\n<script type=\"application\/ld+json\" class=\"yoast-schema-graph\">{\"@context\":\"https:\/\/schema.org\",\"@graph\":[{\"@type\":\"WebPage\",\"@id\":\"https:\/\/defactoquartet.com\/de\/\",\"url\":\"https:\/\/defactoquartet.com\/de\/\",\"name\":\"De Facto Quartet\",\"isPartOf\":{\"@id\":\"https:\/\/defactoquartet.com\/#website\"},\"datePublished\":\"2016-10-02T11:48:13+00:00\",\"dateModified\":\"2022-02-03T11:37:45+00:00\",\"breadcrumb\":{\"@id\":\"https:\/\/defactoquartet.com\/de\/#breadcrumb\"},\"inLanguage\":\"de\",\"potentialAction\":[{\"@type\":\"ReadAction\",\"target\":[\"https:\/\/defactoquartet.com\/de\/\"]}]},{\"@type\":\"BreadcrumbList\",\"@id\":\"https:\/\/defactoquartet.com\/de\/#breadcrumb\",\"itemListElement\":[{\"@type\":\"ListItem\",\"position\":1,\"name\":\"Home\",\"item\":\"https:\/\/defactoquartet.com\/de\/\"},{\"@type\":\"ListItem\",\"position\":2,\"name\":\"Home\"}]},{\"@type\":\"WebSite\",\"@id\":\"https:\/\/defactoquartet.com\/#website\",\"url\":\"https:\/\/defactoquartet.com\/\",\"name\":\"De Facto Quartet\",\"description\":\"De Facto Quartet\",\"potentialAction\":[{\"@type\":\"SearchAction\",\"target\":{\"@type\":\"EntryPoint\",\"urlTemplate\":\"https:\/\/defactoquartet.com\/?s={search_term_string}\"},\"query-input\":\"required name=search_term_string\"}],\"inLanguage\":\"de\"}]}<\/script>","yoast_head_json":{"title":"De Facto Quartet","robots":{"index":"index","follow":"follow","max-snippet":"max-snippet:-1","max-image-preview":"max-image-preview:large","max-video-preview":"max-video-preview:-1"},"canonical":"https:\/\/defactoquartet.com\/de\/","og_locale":"de_DE","og_type":"article","og_title":"De Facto Quartet","og_description":"Das einzigartige Streichquartett kennen Sie vielleicht vom Wettbewerb &#8220;Tschechoslowakei hat Talent&#8221;. Das Quartett ist nicht erfolgreich nur dank eines Auftritts in der TV-Show aber ihr Erfolg erforderte einen langen Weg und viel M\u00fche, die kein profesionelle Musiker vermeiden kann.\u00a0 \u00a0 Jedes Mitglied DFQ hat viele Konzerte auf gro\u00dfen Weltb\u00fchnen und Mitarbeit mit bekannten Personen hinter&hellip;","og_url":"https:\/\/defactoquartet.com\/de\/","og_site_name":"De Facto Quartet","article_publisher":"https:\/\/www.facebook.com\/Defactoquartet\/","article_modified_time":"2022-02-03T11:37:45+00:00","twitter_card":"summary_large_image","twitter_misc":{"Gesch\u00e4tzte Lesezeit":"1\u00a0Minute"},"schema":{"@context":"https:\/\/schema.org","@graph":[{"@type":"WebPage","@id":"https:\/\/defactoquartet.com\/de\/","url":"https:\/\/defactoquartet.com\/de\/","name":"De Facto Quartet","isPartOf":{"@id":"https:\/\/defactoquartet.com\/#website"},"datePublished":"2016-10-02T11:48:13+00:00","dateModified":"2022-02-03T11:37:45+00:00","breadcrumb":{"@id":"https:\/\/defactoquartet.com\/de\/#breadcrumb"},"inLanguage":"de","potentialAction":[{"@type":"ReadAction","target":["https:\/\/defactoquartet.com\/de\/"]}]},{"@type":"BreadcrumbList","@id":"https:\/\/defactoquartet.com\/de\/#breadcrumb","itemListElement":[{"@type":"ListItem","position":1,"name":"Home","item":"https:\/\/defactoquartet.com\/de\/"},{"@type":"ListItem","position":2,"name":"Home"}]},{"@type":"WebSite","@id":"https:\/\/defactoquartet.com\/#website","url":"https:\/\/defactoquartet.com\/","name":"De Facto Quartet","description":"De Facto Quartet","potentialAction":[{"@type":"SearchAction","target":{"@type":"EntryPoint","urlTemplate":"https:\/\/defactoquartet.com\/?s={search_term_string}"},"query-input":"required name=search_term_string"}],"inLanguage":"de"}]}},"_links":{"self":[{"href":"https:\/\/defactoquartet.com\/de\/wp-json\/wp\/v2\/pages\/631","targetHints":{"allow":["GET"]}}],"collection":[{"href":"https:\/\/defactoquartet.com\/de\/wp-json\/wp\/v2\/pages"}],"about":[{"href":"https:\/\/defactoquartet.com\/de\/wp-json\/wp\/v2\/types\/page"}],"author":[{"embeddable":true,"href":"https:\/\/defactoquartet.com\/de\/wp-json\/wp\/v2\/users\/19"}],"replies":[{"embeddable":true,"href":"https:\/\/defactoquartet.com\/de\/wp-json\/wp\/v2\/comments?post=631"}],"version-history":[{"count":9,"href":"https:\/\/defactoquartet.com\/de\/wp-json\/wp\/v2\/pages\/631\/revisions"}],"predecessor-version":[{"id":714,"href":"https:\/\/defactoquartet.com\/de\/wp-json\/wp\/v2\/pages\/631\/revisions\/714"}],"wp:attachment":[{"href":"https:\/\/defactoquartet.com\/de\/wp-json\/wp\/v2\/media?parent=631"}],"curies":[{"name":"wp","href":"https:\/\/api.w.org\/{rel}","templated":true}]}}